{"id":686,"date":"2024-05-22T11:36:34","date_gmt":"2024-05-22T17:36:34","guid":{"rendered":"https:\/\/terrymansey.com\/?page_id=686"},"modified":"2026-01-29T02:46:05","modified_gmt":"2026-01-29T08:46:05","slug":"nosotros","status":"publish","type":"page","link":"https:\/\/terrymansey.com\/en\/nosotros\/","title":{"rendered":"About us"},"content":{"rendered":"<div data-elementor-type=\"wp-page\" data-elementor-id=\"686\" class=\"elementor elementor-686\" data-elementor-settings=\"{&quot;ha_cmc_init_switcher&quot;:&quot;no&quot;}\" data-elementor-post-type=\"page\">\n\t\t\t\t<div class=\"elementor-element elementor-element-7f04f0b e-flex e-con-boxed e-con e-parent\" data-id=\"7f04f0b\" data-element_type=\"container\" data-e-type=\"container\" data-settings=\"{&quot;background_background&quot;:&quot;classic&quot;,&quot;_ha_eqh_enable&quot;:false}\">\n\t\t\t\t\t<div class=\"e-con-inner\">\n\t\t\t\t<div class=\"elementor-element elementor-element-685be3b elementor-hidden-desktop elementor-hidden-tablet elementor-hidden-mobile elementor-align-center elementor-widget elementor-widget-lottie\" data-id=\"685be3b\" data-element_type=\"widget\" data-e-type=\"widget\" data-settings=\"{&quot;source_json&quot;:{&quot;url&quot;:&quot;https:\\\/\\\/terrymansey.com\\\/wp-content\\\/uploads\\\/2024\\\/05\\\/Animation-1716392352524.json&quot;,&quot;id&quot;:650,&quot;size&quot;:&quot;&quot;,&quot;alt&quot;:&quot;&quot;,&quot;source&quot;:&quot;library&quot;},&quot;loop&quot;:&quot;yes&quot;,&quot;play_speed&quot;:{&quot;unit&quot;:&quot;px&quot;,&quot;size&quot;:1.100000000000000088817841970012523233890533447265625,&quot;sizes&quot;:[]},&quot;link_to&quot;:&quot;custom&quot;,&quot;custom_link&quot;:{&quot;url&quot;:&quot;#scroll&quot;,&quot;is_external&quot;:&quot;&quot;,&quot;nofollow&quot;:&quot;&quot;,&quot;custom_attributes&quot;:&quot;&quot;},&quot;source&quot;:&quot;media_file&quot;,&quot;caption_source&quot;:&quot;none&quot;,&quot;trigger&quot;:&quot;arriving_to_viewport&quot;,&quot;viewport&quot;:{&quot;unit&quot;:&quot;%&quot;,&quot;size&quot;:&quot;&quot;,&quot;sizes&quot;:{&quot;start&quot;:0,&quot;end&quot;:100}},&quot;start_point&quot;:{&quot;unit&quot;:&quot;%&quot;,&quot;size&quot;:0,&quot;sizes&quot;:[]},&quot;end_point&quot;:{&quot;unit&quot;:&quot;%&quot;,&quot;size&quot;:100,&quot;sizes&quot;:[]},&quot;renderer&quot;:&quot;svg&quot;}\" data-widget_type=\"lottie.default\">\n\t\t\t\t<div class=\"elementor-widget-container\">\n\t\t\t\t\t<a class=\"e-lottie__container__link\" href=\"#scroll\"><div class=\"e-lottie__container\"><div class=\"e-lottie__animation\"><\/div><\/div><\/a>\t\t\t\t<\/div>\n\t\t\t\t<\/div>\n\t\t\t\t<div class=\"elementor-element elementor-element-1a1ba2c titulo-archivo elementor-widget elementor-widget-heading\" data-id=\"1a1ba2c\" data-element_type=\"widget\" data-e-type=\"widget\" data-widget_type=\"heading.default\">\n\t\t\t\t<div class=\"elementor-widget-container\">\n\t\t\t\t\t<h1 class=\"elementor-heading-title elementor-size-default\">About us<\/h1>\t\t\t\t<\/div>\n\t\t\t\t<\/div>\n\t\t\t\t\t<\/div>\n\t\t\t\t<\/div>\n\t\t<div class=\"elementor-element elementor-element-4ec173b animated-slow e-flex e-con-boxed elementor-invisible e-con e-parent\" data-id=\"4ec173b\" data-element_type=\"container\" data-e-type=\"container\" id=\"scroll\" data-settings=\"{&quot;animation&quot;:&quot;fadeIn&quot;,&quot;_ha_eqh_enable&quot;:false}\">\n\t\t\t\t\t<div class=\"e-con-inner\">\n\t\t<div class=\"elementor-element elementor-element-d3b245b e-con-full e-flex e-con e-child\" data-id=\"d3b245b\" data-element_type=\"container\" data-e-type=\"container\" data-settings=\"{&quot;_ha_eqh_enable&quot;:false}\">\n\t\t<div class=\"elementor-element elementor-element-a4256cf e-flex e-con-boxed e-con e-child\" data-id=\"a4256cf\" data-element_type=\"container\" data-e-type=\"container\" data-settings=\"{&quot;_ha_eqh_enable&quot;:false}\">\n\t\t\t\t\t<div class=\"e-con-inner\">\n\t\t\t\t<div class=\"elementor-element elementor-element-9f278e6 elementor-widget-mobile__width-initial elementor-widget elementor-widget-image\" data-id=\"9f278e6\" data-element_type=\"widget\" data-e-type=\"widget\" data-widget_type=\"image.default\">\n\t\t\t\t<div class=\"elementor-widget-container\">\n\t\t\t\t\t\t\t\t\t\t\t\t\t\t\t<img fetchpriority=\"high\" decoding=\"async\" width=\"683\" height=\"1024\" src=\"https:\/\/terrymansey.com\/wp-content\/uploads\/2024\/05\/Home-1-683x1024.webp\" class=\"attachment-large size-large wp-image-95\" alt=\"\" srcset=\"https:\/\/terrymansey.com\/wp-content\/uploads\/2024\/05\/Home-1-683x1024.webp 683w, https:\/\/terrymansey.com\/wp-content\/uploads\/2024\/05\/Home-1-600x900.webp 600w, https:\/\/terrymansey.com\/wp-content\/uploads\/2024\/05\/Home-1-200x300.webp 200w, https:\/\/terrymansey.com\/wp-content\/uploads\/2024\/05\/Home-1-768x1152.webp 768w, https:\/\/terrymansey.com\/wp-content\/uploads\/2024\/05\/Home-1.webp 800w\" sizes=\"(max-width: 683px) 100vw, 683px\" \/>\t\t\t\t\t\t\t\t\t\t\t\t\t\t\t<\/div>\n\t\t\t\t<\/div>\n\t\t\t\t<div class=\"elementor-element elementor-element-aa0bb12 elementor-widget-mobile__width-initial elementor-widget elementor-widget-image\" data-id=\"aa0bb12\" data-element_type=\"widget\" data-e-type=\"widget\" data-widget_type=\"image.default\">\n\t\t\t\t<div class=\"elementor-widget-container\">\n\t\t\t\t\t\t\t\t\t\t\t\t\t\t\t<img decoding=\"async\" width=\"683\" height=\"1024\" src=\"https:\/\/terrymansey.com\/wp-content\/uploads\/2024\/05\/Home-2-683x1024.webp\" class=\"attachment-large size-large wp-image-96\" alt=\"\" srcset=\"https:\/\/terrymansey.com\/wp-content\/uploads\/2024\/05\/Home-2-683x1024.webp 683w, https:\/\/terrymansey.com\/wp-content\/uploads\/2024\/05\/Home-2-600x900.webp 600w, https:\/\/terrymansey.com\/wp-content\/uploads\/2024\/05\/Home-2-200x300.webp 200w, https:\/\/terrymansey.com\/wp-content\/uploads\/2024\/05\/Home-2-768x1152.webp 768w, https:\/\/terrymansey.com\/wp-content\/uploads\/2024\/05\/Home-2.webp 800w\" sizes=\"(max-width: 683px) 100vw, 683px\" \/>\t\t\t\t\t\t\t\t\t\t\t\t\t\t\t<\/div>\n\t\t\t\t<\/div>\n\t\t\t\t\t<\/div>\n\t\t\t\t<\/div>\n\t\t\t\t<\/div>\n\t\t<div class=\"elementor-element elementor-element-0159146 e-con-full e-flex e-con e-child\" data-id=\"0159146\" data-element_type=\"container\" data-e-type=\"container\" data-settings=\"{&quot;_ha_eqh_enable&quot;:false}\">\n\t\t\t\t<div class=\"elementor-element elementor-element-22f3d51 elementor-widget elementor-widget-heading\" data-id=\"22f3d51\" data-element_type=\"widget\" data-e-type=\"widget\" data-widget_type=\"heading.default\">\n\t\t\t\t<div class=\"elementor-widget-container\">\n\t\t\t\t\t<p class=\"elementor-heading-title elementor-size-default\">Terry Mansey<\/p>\t\t\t\t<\/div>\n\t\t\t\t<\/div>\n\t\t\t\t<div class=\"elementor-element elementor-element-dca117f premium-header-block premium-header-block premium-lq__none premium-box-lq__none elementor-widget elementor-widget-premium-addon-dual-header\" data-id=\"dca117f\" data-element_type=\"widget\" data-e-type=\"widget\" data-widget_type=\"premium-addon-dual-header.default\">\n\t\t\t\t\t\n\t\t<div class=\"elementor-widget-container\">\n\t\t\t\t\t<p class=\"premium-dual-header-first-header\"><span class=\"premium-dual-header-first-span\">A Different Way of  <\/span><span class=\"premium-dual-header-second-header\">Understanding the Extraordinary<\/span><\/p> \t\t\t\t<\/div>\n\n\t\t\t\t\t\t<\/div>\n\t\t\t\t<div class=\"elementor-element elementor-element-4832816 elementor-widget elementor-widget-text-editor\" data-id=\"4832816\" data-element_type=\"widget\" data-e-type=\"widget\" data-widget_type=\"text-editor.default\">\n\t\t\t\t<div class=\"elementor-widget-container\">\n\t\t\t\t\t\t\t\t\t<p>At Terry Mansey, we believe that what truly matters is not accumulated, but lived.<br \/>Its value is not found in what is shown, but in the way time, space, and experience align with intention.<\/p><p>We operate as an ecosystem where thoughtfully designed experiences, extraordinary assets, and strategic alliances converge\u2014guided by a shared perspective: choosing with clarity so everything feels purposeful.\u00a0<\/p>\t\t\t\t\t\t\t\t<\/div>\n\t\t\t\t<\/div>\n\t\t\t\t<\/div>\n\t\t\t\t\t<\/div>\n\t\t\t\t<\/div>\n\t\t<div class=\"elementor-element elementor-element-dd9b899 animated-slow e-flex e-con-boxed elementor-invisible e-con e-parent\" data-id=\"dd9b899\" data-element_type=\"container\" data-e-type=\"container\" data-settings=\"{&quot;animation&quot;:&quot;fadeIn&quot;,&quot;_ha_eqh_enable&quot;:false}\">\n\t\t\t\t\t<div class=\"e-con-inner\">\n\t\t<div class=\"elementor-element elementor-element-3760735 e-con-full e-flex e-con e-child\" data-id=\"3760735\" data-element_type=\"container\" data-e-type=\"container\" data-settings=\"{&quot;_ha_eqh_enable&quot;:false}\">\n\t\t\t\t<div class=\"elementor-element elementor-element-ed21393 elementor-widget elementor-widget-heading\" data-id=\"ed21393\" data-element_type=\"widget\" data-e-type=\"widget\" data-widget_type=\"heading.default\">\n\t\t\t\t<div class=\"elementor-widget-container\">\n\t\t\t\t\t<p class=\"elementor-heading-title elementor-size-default\">Our Perspective\n<\/p>\t\t\t\t<\/div>\n\t\t\t\t<\/div>\n\t\t\t\t<div class=\"elementor-element elementor-element-e93efa6 premium-header-block premium-header-block premium-lq__none premium-box-lq__none elementor-widget elementor-widget-premium-addon-dual-header\" data-id=\"e93efa6\" data-element_type=\"widget\" data-e-type=\"widget\" data-widget_type=\"premium-addon-dual-header.default\">\n\t\t\t\t\t\n\t\t<div class=\"elementor-widget-container\">\n\t\t\t\t\t<p class=\"premium-dual-header-first-header translation-block\"><span class=\"premium-dual-header-first-span\">The exceptional <\/span><span class=\"premium-dual-header-second-header\">does not need to be displayed.<\/span><\/p> \t\t\t\t<\/div>\n\n\t\t\t\t\t\t<\/div>\n\t\t\t\t<div class=\"elementor-element elementor-element-a1002b4 elementor-widget elementor-widget-text-editor\" data-id=\"a1002b4\" data-element_type=\"widget\" data-e-type=\"widget\" data-widget_type=\"text-editor.default\">\n\t\t\t\t<div class=\"elementor-widget-container\">\n\t\t\t\t\t\t\t\t\t<p>It is felt in the calm of a well-resolved experience, in the privacy that allows life to unfold without interruption, and in decisions that move naturally with the rhythm of living.<\/p><p class=\"translation-block\">We design experiences that endure.\nWe select spaces meant to be lived in.\nWe connect with partners who understand that true excellence needs no explanation.<\/p>\t\t\t\t\t\t\t\t<\/div>\n\t\t\t\t<\/div>\n\t\t\t\t<\/div>\n\t\t<div class=\"elementor-element elementor-element-0ec8ae6 e-con-full e-flex e-con e-child\" data-id=\"0ec8ae6\" data-element_type=\"container\" data-e-type=\"container\" data-settings=\"{&quot;_ha_eqh_enable&quot;:false}\">\n\t\t<div class=\"elementor-element elementor-element-b406eec e-flex e-con-boxed e-con e-child\" data-id=\"b406eec\" data-element_type=\"container\" data-e-type=\"container\" data-settings=\"{&quot;_ha_eqh_enable&quot;:false}\">\n\t\t\t\t\t<div class=\"e-con-inner\">\n\t\t\t\t<div class=\"elementor-element elementor-element-deb9e8c elementor-widget-mobile__width-initial elementor-widget elementor-widget-image\" data-id=\"deb9e8c\" data-element_type=\"widget\" data-e-type=\"widget\" data-widget_type=\"image.default\">\n\t\t\t\t<div class=\"elementor-widget-container\">\n\t\t\t\t\t\t\t\t\t\t\t\t\t\t\t<img decoding=\"async\" width=\"320\" height=\"480\" src=\"https:\/\/terrymansey.com\/wp-content\/uploads\/2026\/01\/experiencia-de-lujo.webp\" class=\"attachment-full size-full wp-image-1942\" alt=\"\" srcset=\"https:\/\/terrymansey.com\/wp-content\/uploads\/2026\/01\/experiencia-de-lujo.webp 320w, https:\/\/terrymansey.com\/wp-content\/uploads\/2026\/01\/experiencia-de-lujo-200x300.webp 200w, https:\/\/terrymansey.com\/wp-content\/uploads\/2026\/01\/experiencia-de-lujo-8x12.webp 8w\" sizes=\"(max-width: 320px) 100vw, 320px\" \/>\t\t\t\t\t\t\t\t\t\t\t\t\t\t\t<\/div>\n\t\t\t\t<\/div>\n\t\t\t\t<div class=\"elementor-element elementor-element-45b4805 elementor-widget-mobile__width-initial elementor-widget elementor-widget-image\" data-id=\"45b4805\" data-element_type=\"widget\" data-e-type=\"widget\" data-widget_type=\"image.default\">\n\t\t\t\t<div class=\"elementor-widget-container\">\n\t\t\t\t\t\t\t\t\t\t\t\t\t\t\t<img loading=\"lazy\" decoding=\"async\" width=\"320\" height=\"480\" src=\"https:\/\/terrymansey.com\/wp-content\/uploads\/2026\/01\/experiencia-de-lujo-1.webp\" class=\"attachment-full size-full wp-image-1943\" alt=\"\" srcset=\"https:\/\/terrymansey.com\/wp-content\/uploads\/2026\/01\/experiencia-de-lujo-1.webp 320w, https:\/\/terrymansey.com\/wp-content\/uploads\/2026\/01\/experiencia-de-lujo-1-200x300.webp 200w, https:\/\/terrymansey.com\/wp-content\/uploads\/2026\/01\/experiencia-de-lujo-1-8x12.webp 8w\" sizes=\"(max-width: 320px) 100vw, 320px\" \/>\t\t\t\t\t\t\t\t\t\t\t\t\t\t\t<\/div>\n\t\t\t\t<\/div>\n\t\t\t\t\t<\/div>\n\t\t\t\t<\/div>\n\t\t\t\t<\/div>\n\t\t\t\t\t<\/div>\n\t\t\t\t<\/div>\n\t\t<div class=\"elementor-element elementor-element-d46eeb5 e-flex e-con-boxed e-con e-parent\" data-id=\"d46eeb5\" data-element_type=\"container\" data-e-type=\"container\" data-settings=\"{&quot;_ha_eqh_enable&quot;:false}\">\n\t\t\t\t\t<div class=\"e-con-inner\">\n\t\t<div class=\"elementor-element elementor-element-3bd258d e-flex e-con-boxed e-con e-child\" data-id=\"3bd258d\" data-element_type=\"container\" data-e-type=\"container\" data-settings=\"{&quot;background_background&quot;:&quot;classic&quot;,&quot;_ha_eqh_enable&quot;:false}\">\n\t\t\t\t\t<div class=\"e-con-inner\">\n\t\t<div class=\"elementor-element elementor-element-c887c62 e-flex e-con-boxed e-con e-child\" data-id=\"c887c62\" data-element_type=\"container\" data-e-type=\"container\" data-settings=\"{&quot;_ha_eqh_enable&quot;:false}\">\n\t\t\t\t\t<div class=\"e-con-inner\">\n\t\t\t\t<div class=\"elementor-element elementor-element-832b033 elementor-widget elementor-widget-heading\" data-id=\"832b033\" data-element_type=\"widget\" data-e-type=\"widget\" data-widget_type=\"heading.default\">\n\t\t\t\t<div class=\"elementor-widget-container\">\n\t\t\t\t\t<h2 class=\"elementor-heading-title elementor-size-default\">Our Rol\n<\/h2>\t\t\t\t<\/div>\n\t\t\t\t<\/div>\n\t\t\t\t<div class=\"elementor-element elementor-element-1a9e2b2 elementor-widget elementor-widget-text-editor\" data-id=\"1a9e2b2\" data-element_type=\"widget\" data-e-type=\"widget\" data-widget_type=\"text-editor.default\">\n\t\t\t\t<div class=\"elementor-widget-container\">\n\t\t\t\t\t\t\t\t\t<p class=\"translation-block\">It begins before the experience even happens.\nIt involves choosing people, places, and contexts capable of sustaining a coherent whole, even when no one is paying attention to how it was constructed.<\/p><p>When decisions are aligned, the extraordinary ceases to be a promise and becomes a way of being.<\/p>\t\t\t\t\t\t\t\t<\/div>\n\t\t\t\t<\/div>\n\t\t\t\t\t<\/div>\n\t\t\t\t<\/div>\n\t\t\t\t\t<\/div>\n\t\t\t\t<\/div>\n\t\t\t\t\t<\/div>\n\t\t\t\t<\/div>\n\t\t\t\t<\/div>","protected":false},"excerpt":{"rendered":"<p>La visi\u00f3n detr\u00e1s de Terry Mansey. Una perspectiva guiada por la intenci\u00f3n, el contexto y una forma cuidadosa de entender las experiencias y colaboraciones.<\/p>","protected":false},"author":1,"featured_media":2578,"parent":0,"menu_order":0,"comment_status":"closed","ping_status":"closed","template":"elementor_header_footer","meta":{"_acf_changed":false,"footnotes":""},"class_list":["post-686","page","type-page","status-publish","has-post-thumbnail","hentry"],"acf":[],"yoast_head":"<!-- This site is optimized with the Yoast SEO plugin v27.4 - https:\/\/yoast.com\/product\/yoast-seo-wordpress\/ -->\n<title>Terry Mansey | Nuestra visi\u00f3n<\/title>\n<meta name=\"description\" content=\"La visi\u00f3n detr\u00e1s de Terry Mansey. Una perspectiva guiada por la intenci\u00f3n, el contexto y una forma cuidadosa de entender las experiencias y colaboraciones.\" \/>\n<meta name=\"robots\" content=\"index, follow, max-snippet:-1, max-image-preview:large, max-video-preview:-1\" \/>\n<link rel=\"canonical\" href=\"https:\/\/terrymansey.com\/en\/nosotros\/\" \/>\n<meta property=\"og:locale\" content=\"en_US\" \/>\n<meta property=\"og:type\" content=\"article\" \/>\n<meta property=\"og:title\" content=\"Terry Mansey | Nuestra visi\u00f3n\" \/>\n<meta property=\"og:description\" content=\"La visi\u00f3n detr\u00e1s de Terry Mansey. Una perspectiva guiada por la intenci\u00f3n, el contexto y una forma cuidadosa de entender las experiencias y colaboraciones.\" \/>\n<meta property=\"og:url\" content=\"https:\/\/terrymansey.com\/en\/nosotros\/\" \/>\n<meta property=\"og:site_name\" content=\"Terry Mansey\" \/>\n<meta property=\"article:modified_time\" content=\"2026-01-29T08:46:05+00:00\" \/>\n<meta property=\"og:image\" content=\"https:\/\/terrymansey.com\/wp-content\/uploads\/2026\/01\/TM_WEB_32-1024x536.png\" \/>\n\t<meta property=\"og:image:width\" content=\"1024\" \/>\n\t<meta property=\"og:image:height\" content=\"536\" \/>\n\t<meta property=\"og:image:type\" content=\"image\/png\" \/>\n<meta name=\"twitter:card\" content=\"summary_large_image\" \/>\n<meta name=\"twitter:label1\" content=\"Est. reading time\" \/>\n\t<meta name=\"twitter:data1\" content=\"2 minutes\" \/>\n<script type=\"application\/ld+json\" class=\"yoast-schema-graph\">{\"@context\":\"https:\\\/\\\/schema.org\",\"@graph\":[{\"@type\":\"WebPage\",\"@id\":\"https:\\\/\\\/terrymansey.com\\\/nosotros\\\/\",\"url\":\"https:\\\/\\\/terrymansey.com\\\/nosotros\\\/\",\"name\":\"Terry Mansey | Nuestra visi\u00f3n\",\"isPartOf\":{\"@id\":\"https:\\\/\\\/terrymansey.com\\\/#website\"},\"primaryImageOfPage\":{\"@id\":\"https:\\\/\\\/terrymansey.com\\\/nosotros\\\/#primaryimage\"},\"image\":{\"@id\":\"https:\\\/\\\/terrymansey.com\\\/nosotros\\\/#primaryimage\"},\"thumbnailUrl\":\"https:\\\/\\\/terrymansey.com\\\/wp-content\\\/uploads\\\/2026\\\/01\\\/TM_WEB_32.png\",\"datePublished\":\"2024-05-22T17:36:34+00:00\",\"dateModified\":\"2026-01-29T08:46:05+00:00\",\"description\":\"La visi\u00f3n detr\u00e1s de Terry Mansey. Una perspectiva guiada por la intenci\u00f3n, el contexto y una forma cuidadosa de entender las experiencias y colaboraciones.\",\"breadcrumb\":{\"@id\":\"https:\\\/\\\/terrymansey.com\\\/nosotros\\\/#breadcrumb\"},\"inLanguage\":\"en-US\",\"potentialAction\":[{\"@type\":\"ReadAction\",\"target\":[\"https:\\\/\\\/terrymansey.com\\\/nosotros\\\/\"]}]},{\"@type\":\"ImageObject\",\"inLanguage\":\"en-US\",\"@id\":\"https:\\\/\\\/terrymansey.com\\\/nosotros\\\/#primaryimage\",\"url\":\"https:\\\/\\\/terrymansey.com\\\/wp-content\\\/uploads\\\/2026\\\/01\\\/TM_WEB_32.png\",\"contentUrl\":\"https:\\\/\\\/terrymansey.com\\\/wp-content\\\/uploads\\\/2026\\\/01\\\/TM_WEB_32.png\",\"width\":2500,\"height\":1309},{\"@type\":\"BreadcrumbList\",\"@id\":\"https:\\\/\\\/terrymansey.com\\\/nosotros\\\/#breadcrumb\",\"itemListElement\":[{\"@type\":\"ListItem\",\"position\":1,\"name\":\"Inicio\",\"item\":\"https:\\\/\\\/terrymansey.com\\\/\"},{\"@type\":\"ListItem\",\"position\":2,\"name\":\"Nosotros\"}]},{\"@type\":\"WebSite\",\"@id\":\"https:\\\/\\\/terrymansey.com\\\/#website\",\"url\":\"https:\\\/\\\/terrymansey.com\\\/\",\"name\":\"Terry Mansey\",\"description\":\"\",\"potentialAction\":[{\"@type\":\"SearchAction\",\"target\":{\"@type\":\"EntryPoint\",\"urlTemplate\":\"https:\\\/\\\/terrymansey.com\\\/?s={search_term_string}\"},\"query-input\":{\"@type\":\"PropertyValueSpecification\",\"valueRequired\":true,\"valueName\":\"search_term_string\"}}],\"inLanguage\":\"en-US\"}]}<\/script>\n<!-- \/ Yoast SEO plugin. -->","yoast_head_json":{"title":"Terry Mansey | Nuestra visi\u00f3n","description":"La visi\u00f3n detr\u00e1s de Terry Mansey. Una perspectiva guiada por la intenci\u00f3n, el contexto y una forma cuidadosa de entender las experiencias y colaboraciones.","robots":{"index":"index","follow":"follow","max-snippet":"max-snippet:-1","max-image-preview":"max-image-preview:large","max-video-preview":"max-video-preview:-1"},"canonical":"https:\/\/terrymansey.com\/en\/nosotros\/","og_locale":"en_US","og_type":"article","og_title":"Terry Mansey | Nuestra visi\u00f3n","og_description":"La visi\u00f3n detr\u00e1s de Terry Mansey. Una perspectiva guiada por la intenci\u00f3n, el contexto y una forma cuidadosa de entender las experiencias y colaboraciones.","og_url":"https:\/\/terrymansey.com\/en\/nosotros\/","og_site_name":"Terry Mansey","article_modified_time":"2026-01-29T08:46:05+00:00","og_image":[{"width":1024,"height":536,"url":"https:\/\/terrymansey.com\/wp-content\/uploads\/2026\/01\/TM_WEB_32-1024x536.png","type":"image\/png"}],"twitter_card":"summary_large_image","twitter_misc":{"Est. reading time":"2 minutes"},"schema":{"@context":"https:\/\/schema.org","@graph":[{"@type":"WebPage","@id":"https:\/\/terrymansey.com\/nosotros\/","url":"https:\/\/terrymansey.com\/nosotros\/","name":"Terry Mansey | Nuestra visi\u00f3n","isPartOf":{"@id":"https:\/\/terrymansey.com\/#website"},"primaryImageOfPage":{"@id":"https:\/\/terrymansey.com\/nosotros\/#primaryimage"},"image":{"@id":"https:\/\/terrymansey.com\/nosotros\/#primaryimage"},"thumbnailUrl":"https:\/\/terrymansey.com\/wp-content\/uploads\/2026\/01\/TM_WEB_32.png","datePublished":"2024-05-22T17:36:34+00:00","dateModified":"2026-01-29T08:46:05+00:00","description":"La visi\u00f3n detr\u00e1s de Terry Mansey. Una perspectiva guiada por la intenci\u00f3n, el contexto y una forma cuidadosa de entender las experiencias y colaboraciones.","breadcrumb":{"@id":"https:\/\/terrymansey.com\/nosotros\/#breadcrumb"},"inLanguage":"en-US","potentialAction":[{"@type":"ReadAction","target":["https:\/\/terrymansey.com\/nosotros\/"]}]},{"@type":"ImageObject","inLanguage":"en-US","@id":"https:\/\/terrymansey.com\/nosotros\/#primaryimage","url":"https:\/\/terrymansey.com\/wp-content\/uploads\/2026\/01\/TM_WEB_32.png","contentUrl":"https:\/\/terrymansey.com\/wp-content\/uploads\/2026\/01\/TM_WEB_32.png","width":2500,"height":1309},{"@type":"BreadcrumbList","@id":"https:\/\/terrymansey.com\/nosotros\/#breadcrumb","itemListElement":[{"@type":"ListItem","position":1,"name":"Inicio","item":"https:\/\/terrymansey.com\/"},{"@type":"ListItem","position":2,"name":"Nosotros"}]},{"@type":"WebSite","@id":"https:\/\/terrymansey.com\/#website","url":"https:\/\/terrymansey.com\/","name":"Terry Mansey","description":"","potentialAction":[{"@type":"SearchAction","target":{"@type":"EntryPoint","urlTemplate":"https:\/\/terrymansey.com\/?s={search_term_string}"},"query-input":{"@type":"PropertyValueSpecification","valueRequired":true,"valueName":"search_term_string"}}],"inLanguage":"en-US"}]}},"_links":{"self":[{"href":"https:\/\/terrymansey.com\/en\/wp-json\/wp\/v2\/pages\/686","targetHints":{"allow":["GET"]}}],"collection":[{"href":"https:\/\/terrymansey.com\/en\/wp-json\/wp\/v2\/pages"}],"about":[{"href":"https:\/\/terrymansey.com\/en\/wp-json\/wp\/v2\/types\/page"}],"author":[{"embeddable":true,"href":"https:\/\/terrymansey.com\/en\/wp-json\/wp\/v2\/users\/1"}],"replies":[{"embeddable":true,"href":"https:\/\/terrymansey.com\/en\/wp-json\/wp\/v2\/comments?post=686"}],"version-history":[{"count":87,"href":"https:\/\/terrymansey.com\/en\/wp-json\/wp\/v2\/pages\/686\/revisions"}],"predecessor-version":[{"id":2634,"href":"https:\/\/terrymansey.com\/en\/wp-json\/wp\/v2\/pages\/686\/revisions\/2634"}],"wp:featuredmedia":[{"embeddable":true,"href":"https:\/\/terrymansey.com\/en\/wp-json\/wp\/v2\/media\/2578"}],"wp:attachment":[{"href":"https:\/\/terrymansey.com\/en\/wp-json\/wp\/v2\/media?parent=686"}],"curies":[{"name":"wp","href":"https:\/\/api.w.org\/{rel}","templated":true}]}}